{"id":838,"date":"2019-05-28T12:07:21","date_gmt":"2019-05-28T10:07:21","guid":{"rendered":"https:\/\/E978A133-D2D1-4B7C-9D55-1C97A5D4F0EE"},"modified":"2019-06-24T09:11:54","modified_gmt":"2019-06-24T07:11:54","slug":"basket","status":"publish","type":"page","link":"https:\/\/adventure-serbia.com\/en\/basket\/","title":{"rendered":"Basket"},"content":{"rendered":"<p>[et_pb_section bb_built=&#8217;1&#8242; _builder_version=&#8217;3.21.4&#8242; custom_padding=&#8217;||220px|&#8217; z_index_tablet=&#8217;500&#8242; module_class=&#8217;bucket-section&#8217;][et_pb_row ][et_pb_column type=&#8217;4_4&#8242;][et_pb_text admin_label=&#8217;Header&#8217; _builder_version=&#8217;3.21.4&#8242; z_index_tablet=&#8217;500&#8242;]<\/p>\n<h1>Basket<\/h1>\n<p>[\/et_pb_text][\/et_pb_column][\/et_pb_row][et_pb_row ][et_pb_column type=&#8217;4_4&#8242;][et_pb_text admin_label=&#8217;Table&#8217; _builder_version=&#8217;3.21.4&#8242; z_index_tablet=&#8217;500&#8242;]<\/p>\n<div class=\"bucket-table\">\n<div class=\"table-header\">\n<div class=\"empty-all\">Empty basket<\/div>\n<div class=\"name\">Product name<\/div>\n<div class=\"price\">Price<\/div>\n<div class=\"amount\">Amount<\/div>\n<div class=\"total\">TOTAL<\/div>\n<\/div>\n<\/div>\n<p>[\/et_pb_text][\/et_pb_column][\/et_pb_row][et_pb_row ][et_pb_column type=&#8217;1_2&#8242;][et_pb_text admin_label=&#8217;Note&#8217; _builder_version=&#8217;3.21.4&#8242; module_class=&#8217;note&#8217; z_index_tablet=&#8217;500&#8242;]<\/p>\n<div class=\"payment-header\"><span class=\"payment-way\">Na\u010din pla\u0107anja:<\/span> <span class=\"payment-method\">POUZE\u0106EM*<\/span><\/div>\n<div class=\"text\">*Klikom na dugme &#8220;naru\u010di&#8221; pristajete da poslatu robu platite pouze\u0107em. Na cenu va\u0161e porud\u017ebine se dodaje i cena za po\u0161tarinu.<\/div>\n<p>[\/et_pb_text][\/et_pb_column][et_pb_column type=&#8217;1_2&#8242;][et_pb_text _builder_version=&#8217;3.21.4&#8242; z_index_tablet=&#8217;500&#8242;]<\/p>\n<div class=\"total\">\nTOTAL <span class=\"total-amount\"><\/span><span class=\"euro\"> RSD<\/span>\n<\/div>\n<p>[\/et_pb_text][et_pb_text _builder_version=&#8217;3.21.4&#8242; z_index_tablet=&#8217;500&#8242;]<\/p>\n<div class=\"order\">ORDER<\/div>\n<p>[\/et_pb_text][\/et_pb_column][\/et_pb_row][et_pb_row _builder_version=&#8217;3.21.4&#8242; module_class=&#8217;successful-order&#8217; z_index_tablet=&#8217;500&#8242;][et_pb_column type=&#8217;4_4&#8242;][et_pb_text admin_label=&#8217;Successful order&#8217; _builder_version=&#8217;3.21.4&#8242; z_index_tablet=&#8217;500&#8242;]<\/p>\n<div class=\"order-completed\">\n<div class=\"left\">\n<div class=\"ico\"><img decoding=\"async\" src=\"\/wp-content\/uploads\/2019\/03\/ico-included.svg\"><\/div>\n<div class=\"text\">\n<p>Va\u0161a porud\u017ebina je prihva\u0107ena<\/p>\n<p>Kontaktira\u0107emo vas u roku od 48h<\/p>\n<\/div>\n<\/div>\n<div class=\"right\">\n<div class=\"button\">\n      <a href=\"\/\">PO\u010cETNA STRANA<\/a>\n    <\/div>\n<\/div>\n<\/div>\n<p>[\/et_pb_text][\/et_pb_column][\/et_pb_row][\/et_pb_section]<\/p>\n","protected":false},"excerpt":{"rendered":"<p>[et_pb_section bb_built=&#8217;1&#8242; _builder_version=&#8217;3.21.4&#8242; custom_padding=&#8217;||220px|&#8217; z_index_tablet=&#8217;500&#8242; module_class=&#8217;bucket-section&#8217;][et_pb_row ][et_pb_column type=&#8217;4_4&#8242;][et_pb_text admin_label=&#8217;Header&#8217; _builder_version=&#8217;3.21.4&#8242; z_index_tablet=&#8217;500&#8242;] Basket [\/et_pb_text][\/et_pb_column][\/et_pb_row][et_pb_row ][et_pb_column type=&#8217;4_4&#8242;][et_pb_text admin_label=&#8217;Table&#8217; _builder_version=&#8217;3.21.4&#8242; z_index_tablet=&#8217;500&#8242;] Empty basket Product name Price Amount TOTAL [\/et_pb_text][\/et_pb_column][\/et_pb_row][et_pb_row ][et_pb_column type=&#8217;1_2&#8242;][et_pb_text admin_label=&#8217;Note&#8217; _builder_version=&#8217;3.21.4&#8242; module_class=&#8217;note&#8217; z_index_tablet=&#8217;500&#8242;] Na\u010din pla\u0107anja: POUZE\u0106EM* *Klikom na dugme &#8220;naru\u010di&#8221; pristajete da poslatu robu platite pouze\u0107em. Na cenu va\u0161e porud\u017ebine se dodaje i cena za po\u0161tarinu. [&hellip;]<\/p>\n","protected":false},"author":1,"featured_media":0,"parent":0,"menu_order":0,"comment_status":"closed","ping_status":"closed","template":"","meta":{"_et_pb_use_builder":"on","_et_pb_old_content":"","_et_gb_content_width":"","inline_featured_image":false,"footnotes":""},"class_list":["post-838","page","type-page","status-publish","hentry"],"_links":{"self":[{"href":"https:\/\/adventure-serbia.com\/en\/wp-json\/wp\/v2\/pages\/838"}],"collection":[{"href":"https:\/\/adventure-serbia.com\/en\/wp-json\/wp\/v2\/pages"}],"about":[{"href":"https:\/\/adventure-serbia.com\/en\/wp-json\/wp\/v2\/types\/page"}],"author":[{"embeddable":true,"href":"https:\/\/adventure-serbia.com\/en\/wp-json\/wp\/v2\/users\/1"}],"replies":[{"embeddable":true,"href":"https:\/\/adventure-serbia.com\/en\/wp-json\/wp\/v2\/comments?post=838"}],"version-history":[{"count":0,"href":"https:\/\/adventure-serbia.com\/en\/wp-json\/wp\/v2\/pages\/838\/revisions"}],"wp:attachment":[{"href":"https:\/\/adventure-serbia.com\/en\/wp-json\/wp\/v2\/media?parent=838"}],"curies":[{"name":"wp","href":"https:\/\/api.w.org\/{rel}","templated":true}]}}