{"id":1702,"date":"2019-05-27T17:38:37","date_gmt":"2019-05-27T15:38:37","guid":{"rendered":"https:\/\/ADBA715D-7D0B-4C0E-B014-243848B18E3F"},"modified":"2020-12-14T19:07:16","modified_gmt":"2020-12-14T18:07:16","slug":"shop","status":"publish","type":"page","link":"https:\/\/adventure-serbia.com\/en\/shop\/","title":{"rendered":"Shop"},"content":{"rendered":"<p>[et_pb_section bb_built=&#8217;1&#8242; next_background_color=&#8217;rgba(0,0,0,0)&#8217; _builder_version=&#8217;3.21.4&#8242; module_class=&#8217;shop-header&#8217; z_index_tablet=&#8217;500&#8242; custom_padding=&#8217;||225px|&#8217; background_image=&#8217;https:\/\/adventure-serbia.com\/wp-content\/uploads\/2019\/06\/bgd-shop.jpg&#8217; background_position=&#8217;top_center&#8217;][et_pb_row ][et_pb_column type=&#8217;4_4&#8242;][et_pb_text admin_label=&#8217;Header&#8217; _builder_version=&#8217;3.21.4&#8242; header_font=&#8217;|800|||||||&#8217; header_text_color=&#8217;#ffffff&#8217; z_index_tablet=&#8217;500&#8242; header_font_size=&#8217;95px&#8217; header_font_size_tablet=&#8217;38px&#8217; header_font_size_last_edited=&#8217;on|desktop&#8217;]<\/p>\n<h1 style=\"text-align: center;\">SHOP<\/h1>\n<p>[\/et_pb_text][\/et_pb_column][\/et_pb_row][\/et_pb_section][et_pb_section bb_built=&#8217;1&#8242; specialty=&#8217;off&#8217; prev_background_color=&#8217;#ffffff&#8217; _builder_version=&#8217;3.21.4&#8242; background_image=&#8217;https:\/\/adventure-serbia.com\/wp-content\/uploads\/2019\/04\/bgd-header.svg&#8217; background_position=&#8217;top_center&#8217; z_index_tablet=&#8217;500&#8242; custom_padding=&#8217;205px||215px|&#8217; custom_margin=&#8217;-195px|||&#8217; background_color=&#8217;rgba(0,0,0,0)&#8217; module_class=&#8217;all-products-shop&#8217; custom_padding_tablet=&#8217;100px||215px|&#8217; custom_padding_last_edited=&#8217;on|tablet&#8217; background_size=&#8217;contain&#8217;][et_pb_row ][et_pb_column type=&#8217;4_4&#8242;][et_pb_text admin_label=&#8217;All products view&#8217; _builder_version=&#8217;3.21.4&#8242; z_index_tablet=&#8217;500&#8242;]<\/p>\n\n\n\n<div id=\"wpv-view-layout-1381\" class=\"js-wpv-view-layout js-wpv-layout-responsive js-wpv-view-layout-1381\" data-viewnumber=\"1381\" data-pagination=\"{&quot;id&quot;:1381,&quot;query&quot;:&quot;normal&quot;,&quot;type&quot;:&quot;disabled&quot;,&quot;effect&quot;:&quot;fade&quot;,&quot;duration&quot;:500,&quot;speed&quot;:5,&quot;pause_on_hover&quot;:&quot;disabled&quot;,&quot;stop_rollover&quot;:&quot;false&quot;,&quot;cache_pages&quot;:&quot;enabled&quot;,&quot;preload_images&quot;:&quot;enabled&quot;,&quot;preload_pages&quot;:&quot;enabled&quot;,&quot;preload_reach&quot;:1,&quot;spinner&quot;:&quot;builtin&quot;,&quot;spinner_image&quot;:&quot;https:\/\/adventure-serbia.com\/wp-content\/plugins\/wp-views\/embedded\/res\/img\/ajax-loader.gif&quot;,&quot;callback_next&quot;:&quot;&quot;,&quot;manage_history&quot;:&quot;disabled&quot;,&quot;has_controls_in_form&quot;:&quot;disabled&quot;,&quot;infinite_tolerance&quot;:&quot;0&quot;,&quot;max_pages&quot;:0,&quot;page&quot;:1,&quot;base_permalink&quot;:&quot;\/en\/wp-json\/wp\/v2\/pages\/1702?wpv_view_count=1381&amp;wpv_paged=WPV_PAGE_NUM&quot;,&quot;loop&quot;:{&quot;type&quot;:&quot;&quot;,&quot;name&quot;:&quot;&quot;,&quot;data&quot;:[],&quot;id&quot;:0}}\" data-permalink=\"\/en\/wp-json\/wp\/v2\/pages\/1702?wpv_view_count=1381\">\n\n\t\n\t\n  <div class=\"shop-wrapper\">\n\t\n\t\t<div class=\"shop-item\">\n  <div class=\"top-container\">\n    <div class=\"image\"><img loading=\"lazy\" decoding=\"async\" class=\"attachment-560x300 size-560x300\" src=\"https:\/\/adventure-serbia.com\/wp-content\/uploads\/2019\/06\/t-shirt-white_01-wpv_560x300.png\" width=\"560\" height=\"300\" alt=\"\" \/><\/div>\n    <div class=\"price\">1790 RSD<\/div>\n  <\/div>\n  <div class=\"bottom-container\">\n    <div class=\"title\">Majica \u2013 Deca Planine bela<\/div>\n    <div class=\"excerpt\"><p>Sve na\u0161e majice imaju unikatan dizajn koji prenosi poruke na\u0161e filozofije &#8221; Mi smo deca planine&#8221;. Insistiramo na vrhunskim materijalima, tako da su na\u0161e majice napravljene isklju\u010divo od stoprocentnog pamuka. Na\u0161a garderoba nije testirana u Norve\u0161koj, ne trudimo se da<\/p>\n<\/div>\n    <div class=\"buy\"><a href=\"https:\/\/adventure-serbia.com\/en\/product\/majica-deca-planine-bela\/\">KUPI<\/a><\/div>\n  <\/div>\n<\/div>\n\n\t\n\t\t<div class=\"shop-item\">\n  <div class=\"top-container\">\n    <div class=\"image\"><img loading=\"lazy\" decoding=\"async\" class=\"attachment-560x300 size-560x300\" src=\"https:\/\/adventure-serbia.com\/wp-content\/uploads\/2019\/06\/t-shirt-green_01-wpv_560x300.png\" width=\"560\" height=\"300\" alt=\"\" \/><\/div>\n    <div class=\"price\">1790 RSD<\/div>\n  <\/div>\n  <div class=\"bottom-container\">\n    <div class=\"title\">Majica &#8211; Deca Planine zelena<\/div>\n    <div class=\"excerpt\"><p>Sve na\u0161e majice imaju unikatan dizajn koji prenosi poruke na\u0161e filozofije &#8221; Mi smo deca planine&#8221;. Insistiramo na vrhunskim materijalima, tako da su na\u0161e majice napravljene isklju\u010divo od stoprocentnog pamuka. Na\u0161a garderoba nije testirana u Norve\u0161koj, ne trudimo se da<\/p>\n<\/div>\n    <div class=\"buy\"><a href=\"https:\/\/adventure-serbia.com\/en\/product\/majica-deca-planine-zelena\/\">KUPI<\/a><\/div>\n  <\/div>\n<\/div>\n\n\t\n\t\t<div class=\"shop-item\">\n  <div class=\"top-container\">\n    <div class=\"image\"><img loading=\"lazy\" decoding=\"async\" class=\"attachment-560x300 size-560x300\" src=\"https:\/\/adventure-serbia.com\/wp-content\/uploads\/2019\/06\/t-shirt-blue_01-wpv_560x300.png\" width=\"560\" height=\"300\" alt=\"\" \/><\/div>\n    <div class=\"price\">1790 RSD<\/div>\n  <\/div>\n  <div class=\"bottom-container\">\n    <div class=\"title\">Majica &#8211; Deca Planine plava<\/div>\n    <div class=\"excerpt\"><p>Sve na\u0161e majice imaju unikatan dizajn koji prenosi poruke na\u0161e filozofije &#8221; Mi smo deca planine&#8221;. Insistiramo na vrhunskim materijalima, tako da su na\u0161e majice napravljene isklju\u010divo od stoprocentnog pamuka. Na\u0161a garderoba nije testirana u Norve\u0161koj, ne trudimo se da<\/p>\n<\/div>\n    <div class=\"buy\"><a href=\"https:\/\/adventure-serbia.com\/en\/product\/majica-deca-planine-plava\/\">KUPI<\/a><\/div>\n  <\/div>\n<\/div>\n\n\t\n\t\t<div class=\"shop-item\">\n  <div class=\"top-container\">\n    <div class=\"image\"><img loading=\"lazy\" decoding=\"async\" class=\"attachment-560x300 size-560x300\" src=\"https:\/\/adventure-serbia.com\/wp-content\/uploads\/2019\/06\/t-shirt-black_01-wpv_560x300.png\" width=\"560\" height=\"300\" alt=\"\" \/><\/div>\n    <div class=\"price\">1790 RSD<\/div>\n  <\/div>\n  <div class=\"bottom-container\">\n    <div class=\"title\">Majice &#8211; Deca Planine crna<\/div>\n    <div class=\"excerpt\"><p>Sve na\u0161e majice imaju unikatan dizajn koji prenosi poruke na\u0161e filozofije &#8221; Mi smo deca planine&#8221;. Insistiramo na vrhunskim materijalima, tako da su na\u0161e majice napravljene isklju\u010divo od stoprocentnog pamuka. Na\u0161a garderoba nije testirana u Norve\u0161koj, ne trudimo se da<\/p>\n<\/div>\n    <div class=\"buy\"><a href=\"https:\/\/adventure-serbia.com\/en\/product\/majice-deca-planine-crna\/\">KUPI<\/a><\/div>\n  <\/div>\n<\/div>\n\n\t\n  <\/div>\n\t\n\t\n\t\n<\/div>\n\n<p>[\/et_pb_text][\/et_pb_column][\/et_pb_row][\/et_pb_section]<\/p>\n","protected":false},"excerpt":{"rendered":"<p>[et_pb_section bb_built=&#8217;1&#8242; next_background_color=&#8217;rgba(0,0,0,0)&#8217; _builder_version=&#8217;3.21.4&#8242; module_class=&#8217;shop-header&#8217; z_index_tablet=&#8217;500&#8242; custom_padding=&#8217;||225px|&#8217; background_image=&#8217;https:\/\/adventure-serbia.com\/wp-content\/uploads\/2019\/06\/bgd-shop.jpg&#8217; background_position=&#8217;top_center&#8217;][et_pb_row ][et_pb_column type=&#8217;4_4&#8242;][et_pb_text admin_label=&#8217;Header&#8217; _builder_version=&#8217;3.21.4&#8242; header_font=&#8217;|800|||||||&#8217; header_text_color=&#8217;#ffffff&#8217; z_index_tablet=&#8217;500&#8242; header_font_size=&#8217;95px&#8217; header_font_size_tablet=&#8217;38px&#8217; header_font_size_last_edited=&#8217;on|desktop&#8217;] SHOP [\/et_pb_text][\/et_pb_column][\/et_pb_row][\/et_pb_section][et_pb_section bb_built=&#8217;1&#8242; specialty=&#8217;off&#8217; prev_background_color=&#8217;#ffffff&#8217; _builder_version=&#8217;3.21.4&#8242; background_image=&#8217;https:\/\/adventure-serbia.com\/wp-content\/uploads\/2019\/04\/bgd-header.svg&#8217; background_position=&#8217;top_center&#8217; z_index_tablet=&#8217;500&#8242; custom_padding=&#8217;205px||215px|&#8217; custom_margin=&#8217;-195px|||&#8217; background_color=&#8217;rgba(0,0,0,0)&#8217; module_class=&#8217;all-products-shop&#8217; custom_padding_tablet=&#8217;100px||215px|&#8217; custom_padding_last_edited=&#8217;on|tablet&#8217; background_size=&#8217;contain&#8217;][et_pb_row ][et_pb_column type=&#8217;4_4&#8242;][et_pb_text admin_label=&#8217;All products view&#8217; _builder_version=&#8217;3.21.4&#8242; z_index_tablet=&#8217;500&#8242;] 1790 RSD Majica \u2013 Deca Planine bela Sve na\u0161e majice imaju unikatan dizajn [&hellip;]<\/p>\n","protected":false},"author":1,"featured_media":0,"parent":0,"menu_order":0,"comment_status":"closed","ping_status":"closed","template":"","meta":{"_et_pb_use_builder":"on","_et_pb_old_content":"","_et_gb_content_width":"","inline_featured_image":false,"footnotes":""},"class_list":["post-1702","page","type-page","status-publish","hentry"],"_links":{"self":[{"href":"https:\/\/adventure-serbia.com\/en\/wp-json\/wp\/v2\/pages\/1702"}],"collection":[{"href":"https:\/\/adventure-serbia.com\/en\/wp-json\/wp\/v2\/pages"}],"about":[{"href":"https:\/\/adventure-serbia.com\/en\/wp-json\/wp\/v2\/types\/page"}],"author":[{"embeddable":true,"href":"https:\/\/adventure-serbia.com\/en\/wp-json\/wp\/v2\/users\/1"}],"replies":[{"embeddable":true,"href":"https:\/\/adventure-serbia.com\/en\/wp-json\/wp\/v2\/comments?post=1702"}],"version-history":[{"count":0,"href":"https:\/\/adventure-serbia.com\/en\/wp-json\/wp\/v2\/pages\/1702\/revisions"}],"wp:attachment":[{"href":"https:\/\/adventure-serbia.com\/en\/wp-json\/wp\/v2\/media?parent=1702"}],"curies":[{"name":"wp","href":"https:\/\/api.w.org\/{rel}","templated":true}]}}