{"id":1435,"date":"2019-03-27T10:41:25","date_gmt":"2019-03-27T09:41:25","guid":{"rendered":"https:\/\/503E62B2-61DB-4728-ABD1-03E48EDCA001"},"modified":"2019-06-19T17:30:06","modified_gmt":"2019-06-19T15:30:06","slug":"news","status":"publish","type":"page","link":"https:\/\/adventure-serbia.com\/en\/news\/","title":{"rendered":"News"},"content":{"rendered":"<p>[et_pb_section bb_built=&#8217;1&#8242; _builder_version=&#8217;3.17.1&#8242; module_class=&#8217;news header-section&#8217; custom_padding=&#8217;||210px|&#8217; background_image=&#8217;https:\/\/adventure-serbia.com\/wp-content\/uploads\/2019\/03\/bgd-texture-02.svg&#8217; background_size=&#8217;initial&#8217;][et_pb_row _builder_version=&#8217;3.17.1&#8242; custom_padding=&#8217;||0px|&#8217;][et_pb_column type=&#8217;4_4&#8242;][et_pb_text admin_label=&#8217;Header&#8217; _builder_version=&#8217;3.17.1&#8242; header_font=&#8217;|800|||||||&#8217; header_text_color=&#8217;#434440&#8242; header_font_size=&#8217;45px&#8217; custom_margin=&#8217;||20px|&#8217; header_font_size_tablet=&#8217;38px&#8217; header_font_size_last_edited=&#8217;on|tablet&#8217;]<\/p>\n<h1>LATEST NEWS<\/h1>\n<p>[\/et_pb_text][et_pb_divider _builder_version=&#8217;3.17.1&#8242; color=&#8217;#8fd134&#8242; divider_weight=&#8217;3&#8242; max_width=&#8217;9%&#8217; module_alignment=&#8217;left&#8217; max_width_tablet=&#8217;35%&#8217; max_width_last_edited=&#8217;on|tablet&#8217; \/][\/et_pb_column][\/et_pb_row][et_pb_row _builder_version=&#8217;3.17.1&#8242; make_equal=&#8217;on&#8217; module_class_2=&#8217;sidebar&#8217; module_class=&#8217;news-row&#8217; module_class_1=&#8217;content&#8217;][et_pb_column type=&#8217;3_4&#8242;][et_pb_text admin_label=&#8217;News view&#8217; _builder_version=&#8217;3.17.1&#8242; module_class=&#8217;news-view&#8217;]<\/p>\n\n\n\n<div id=\"wpv-view-layout-391\" class=\"js-wpv-view-layout js-wpv-layout-responsive js-wpv-view-layout-391\" data-viewnumber=\"391\" data-pagination=\"{&quot;id&quot;:391,&quot;query&quot;:&quot;normal&quot;,&quot;type&quot;:&quot;disabled&quot;,&quot;effect&quot;:&quot;fade&quot;,&quot;duration&quot;:500,&quot;speed&quot;:5,&quot;pause_on_hover&quot;:&quot;disabled&quot;,&quot;stop_rollover&quot;:&quot;false&quot;,&quot;cache_pages&quot;:&quot;enabled&quot;,&quot;preload_images&quot;:&quot;enabled&quot;,&quot;preload_pages&quot;:&quot;enabled&quot;,&quot;preload_reach&quot;:1,&quot;spinner&quot;:&quot;builtin&quot;,&quot;spinner_image&quot;:&quot;https:\/\/adventure-serbia.com\/wp-content\/plugins\/wp-views\/embedded\/res\/img\/ajax-loader.gif&quot;,&quot;callback_next&quot;:&quot;&quot;,&quot;manage_history&quot;:&quot;disabled&quot;,&quot;has_controls_in_form&quot;:&quot;disabled&quot;,&quot;infinite_tolerance&quot;:&quot;0&quot;,&quot;max_pages&quot;:0,&quot;page&quot;:1,&quot;base_permalink&quot;:&quot;\/en\/wp-json\/wp\/v2\/pages\/1435?wpv_view_count=391&amp;wpv_paged=WPV_PAGE_NUM&quot;,&quot;loop&quot;:{&quot;type&quot;:&quot;&quot;,&quot;name&quot;:&quot;&quot;,&quot;data&quot;:[],&quot;id&quot;:0}}\" data-permalink=\"\/en\/wp-json\/wp\/v2\/pages\/1435?wpv_view_count=391\">\n\n\t\n\t\n  <div class=\"news-wrapper\">\n\t\n\t\t<a href=\"https:\/\/adventure-serbia.com\/en\/statements\/projekat-izgradnje-avantura-parka-na-kopaoniku\/\"><div class=\"news-item\">\n  <div class=\"left-area\">\n  \t<div class=\"image\">\n       <img loading=\"lazy\" decoding=\"async\" class=\"attachment-450x250 size-450x250\" src=\"https:\/\/adventure-serbia.com\/wp-content\/uploads\/2026\/01\/Avantura-3-scaled-wpv_450x250.jpg\" width=\"450\" height=\"250\" alt=\"\" \/>\n       <div class=\"cat statements\">Statements<\/div>\n    <\/div>\n\n  <\/div>\n  <div class=\"right-area\">\n  \t<div class=\"title\">Projekat izgradnje Avantura parka<\/div>\n    <div class=\"excerpt\"><p>Avanturisti\u010dki centar i Op\u0161tina Ra\u0161ka su potpisali ugovor o poslovno tehni\u010dkoj saradnji o zajedni\u010dkom investiranju u projekat Avantura parka koji za c<\/p>\n<\/div>\n    <div class=\"date\">12.01.2026<\/div>\n  <\/div>\n  <\/div><\/a>\n\t\n\t\t<a href=\"https:\/\/adventure-serbia.com\/en\/statements\/nasa-najtrofejnija-skijasica-i-cetvorostruki-olimpijac-postala-deo-ski-skole-avanturisticki-centar-na-kopaoniku\/\"><div class=\"news-item\">\n  <div class=\"left-area\">\n  \t<div class=\"image\">\n       <img loading=\"lazy\" decoding=\"async\" class=\"attachment-450x250 size-450x250\" src=\"https:\/\/adventure-serbia.com\/wp-content\/uploads\/2023\/10\/ski-skola-nevena-ignjatovic-scaled-wpv_450x250.jpg\" width=\"450\" height=\"250\" alt=\"\" \/>\n       <div class=\"cat statements\">Statements<\/div>\n    <\/div>\n\n  <\/div>\n  <div class=\"right-area\">\n  \t<div class=\"title\">Na\u0161a najtrofejnija skija\u0161ica je postala deo ski \u0161kole \u201eAvanturisti\u010dki centar\u201c<\/div>\n    <div class=\"excerpt\"><p>Svoju dugogodi\u0161nju profesionalnu karijeru, Nevena Ignjatovi\u0107 je re\u0161ila da nastavi kao deo tima Ski \u0161kole Kopaonik.<\/p>\n<\/div>\n    <div class=\"date\">19.10.2023<\/div>\n  <\/div>\n  <\/div><\/a>\n\t\n\t\t<a href=\"https:\/\/adventure-serbia.com\/en\/statements\/new-visual-identity\/\"><div class=\"news-item\">\n  <div class=\"left-area\">\n  \t<div class=\"image\">\n       <img loading=\"lazy\" decoding=\"async\" class=\"attachment-450x250 size-450x250\" src=\"https:\/\/adventure-serbia.com\/wp-content\/uploads\/2019\/04\/Backup_of_Backup_of_AC-Srbije-Knjiga-standarda-1-wpv_450x250.jpg\" width=\"450\" height=\"250\" alt=\"\" \/>\n       <div class=\"cat statements\">Statements<\/div>\n    <\/div>\n\n  <\/div>\n  <div class=\"right-area\">\n  \t<div class=\"title\">New visual identity<\/div>\n    <div class=\"excerpt\"><p>We inform you we have changed our visual identity. We changed the old, complex logotype to simple, modern and clear symbol that will represent us in t<\/p>\n<\/div>\n    <div class=\"date\">17.04.2019<\/div>\n  <\/div>\n  <\/div><\/a>\n\t\n\t\t<a href=\"https:\/\/adventure-serbia.com\/en\/news-en\/summer-opening-on-kopaonik\/\"><div class=\"news-item\">\n  <div class=\"left-area\">\n  \t<div class=\"image\">\n       <img loading=\"lazy\" decoding=\"async\" class=\"attachment-450x250 size-450x250\" src=\"https:\/\/adventure-serbia.com\/wp-content\/uploads\/2018\/06\/summeropeningkopaonik2018-5-wpv_450x250.jpg\" width=\"450\" height=\"250\" alt=\"\" \/>\n       <div class=\"cat news-en\">News<\/div>\n    <\/div>\n\n  <\/div>\n  <div class=\"right-area\">\n  \t<div class=\"title\">Summer opening on Kopaonik<\/div>\n    <div class=\"excerpt\"><p>Summer opening of 2018 contained music festival for the first time as well as a large offer of free activities for active vacation. During summer open<\/p>\n<\/div>\n    <div class=\"date\">23.06.2018<\/div>\n  <\/div>\n  <\/div><\/a>\n\t\n\t\t<a href=\"https:\/\/adventure-serbia.com\/en\/news-en\/we-don-t-change-good-things-kia-motors-and-adventure-serbia-continue-their-cooperation\/\"><div class=\"news-item\">\n  <div class=\"left-area\">\n  \t<div class=\"image\">\n       <img loading=\"lazy\" decoding=\"async\" class=\"attachment-450x250 size-450x250\" src=\"https:\/\/adventure-serbia.com\/wp-content\/uploads\/2018\/05\/kiaackop-1-wpv_450x250.jpg\" width=\"450\" height=\"250\" alt=\"\" \/>\n       <div class=\"cat news-en\">News<\/div>\n    <\/div>\n\n  <\/div>\n  <div class=\"right-area\">\n  \t<div class=\"title\">We don\u2019t change good things! KIA motors and adventure Serbia continue their cooperation<\/div>\n    <div class=\"excerpt\"><p>Adventure Center Kopaonik will use KIA Sportage vehicle for it needs and at the same time promoting KIA Sportage brand. KIA Sportage will go wherever<\/p>\n<\/div>\n    <div class=\"date\">17.05.2018<\/div>\n  <\/div>\n  <\/div><\/a>\n\t\n  <\/div>\n\t\n\t\n\t\n<\/div>\n\n<p>[\/et_pb_text][\/et_pb_column][et_pb_column type=&#8217;1_4&#8242;][et_pb_text admin_label=&#8217;Header&#8217; _builder_version=&#8217;3.17.1&#8242; text_font=&#8217;|700|||||||&#8217; text_text_color=&#8217;#ffffff&#8217; text_font_size=&#8217;22px&#8217; custom_padding=&#8217;|||30px&#8217; custom_margin=&#8217;35px||25px|&#8217; module_class=&#8217;cat-text&#8217;]<\/p>\n<p>CATEGORIES<\/p>\n<p>[\/et_pb_text][et_pb_divider _builder_version=&#8217;3.17.1&#8242; color=&#8217;#8fd134&#8242; divider_weight=&#8217;3&#8242; max_width=&#8217;28%&#8217; module_alignment=&#8217;left&#8217; custom_padding=&#8217;|||30px&#8217; custom_margin=&#8217;||10px|&#8217; \/][et_pb_text admin_label=&#8217;Category sidebar&#8217; _builder_version=&#8217;3.17.1&#8242;]<\/p>\n\n\n\n<div id=\"wpv-view-layout-532\" class=\"js-wpv-view-layout js-wpv-layout-responsive js-wpv-view-layout-532\" data-viewnumber=\"532\" data-pagination=\"{&quot;id&quot;:532,&quot;query&quot;:&quot;normal&quot;,&quot;type&quot;:&quot;disabled&quot;,&quot;effect&quot;:&quot;fade&quot;,&quot;duration&quot;:500,&quot;speed&quot;:5,&quot;pause_on_hover&quot;:&quot;disabled&quot;,&quot;stop_rollover&quot;:&quot;false&quot;,&quot;cache_pages&quot;:&quot;enabled&quot;,&quot;preload_images&quot;:&quot;enabled&quot;,&quot;preload_pages&quot;:&quot;enabled&quot;,&quot;preload_reach&quot;:1,&quot;spinner&quot;:&quot;builtin&quot;,&quot;spinner_image&quot;:&quot;https:\/\/adventure-serbia.com\/wp-content\/plugins\/wp-views\/embedded\/res\/img\/ajax-loader.gif&quot;,&quot;callback_next&quot;:&quot;&quot;,&quot;manage_history&quot;:&quot;disabled&quot;,&quot;has_controls_in_form&quot;:&quot;disabled&quot;,&quot;infinite_tolerance&quot;:&quot;0&quot;,&quot;max_pages&quot;:1,&quot;page&quot;:1,&quot;base_permalink&quot;:&quot;\/en\/wp-json\/wp\/v2\/pages\/1435?wpv_view_count=532&amp;wpv_paged=WPV_PAGE_NUM&quot;,&quot;loop&quot;:{&quot;type&quot;:&quot;&quot;,&quot;name&quot;:&quot;&quot;,&quot;data&quot;:[],&quot;id&quot;:0}}\" data-permalink=\"\/en\/wp-json\/wp\/v2\/pages\/1435?wpv_view_count=532\">\n\n\t\n\t\n  <ol class=\"cat-sidebar\">\n    <li data-slug=\"\" class=\"all-categories\"><a href=\"https:\/\/adventure-serbia.com\/en\/news\/\">All categories<\/a><\/li>\n\t\n\t\t<li data-slug=\"statements\"><a href=\"\/vesti?wpvcategory=statements\">Statements<\/a><\/li>\n\t\n\t\t<li data-slug=\"news-en\"><a href=\"\/vesti?wpvcategory=news-en\">News<\/a><\/li>\n\t\n  <\/ol>\n\t\n\t\n\t\n<\/div>\n\n<p>[\/et_pb_text][\/et_pb_column][\/et_pb_row][\/et_pb_section]<\/p>\n","protected":false},"excerpt":{"rendered":"<p>[et_pb_section bb_built=&#8217;1&#8242; _builder_version=&#8217;3.17.1&#8242; module_class=&#8217;news header-section&#8217; custom_padding=&#8217;||210px|&#8217; background_image=&#8217;https:\/\/adventure-serbia.com\/wp-content\/uploads\/2019\/03\/bgd-texture-02.svg&#8217; background_size=&#8217;initial&#8217;][et_pb_row _builder_version=&#8217;3.17.1&#8242; custom_padding=&#8217;||0px|&#8217;][et_pb_column type=&#8217;4_4&#8242;][et_pb_text admin_label=&#8217;Header&#8217; _builder_version=&#8217;3.17.1&#8242; header_font=&#8217;|800|||||||&#8217; header_text_color=&#8217;#434440&#8242; header_font_size=&#8217;45px&#8217; custom_margin=&#8217;||20px|&#8217; header_font_size_tablet=&#8217;38px&#8217; header_font_size_last_edited=&#8217;on|tablet&#8217;] LATEST NEWS [\/et_pb_text][et_pb_divider _builder_version=&#8217;3.17.1&#8242; color=&#8217;#8fd134&#8242; divider_weight=&#8217;3&#8242; max_width=&#8217;9%&#8217; module_alignment=&#8217;left&#8217; max_width_tablet=&#8217;35%&#8217; max_width_last_edited=&#8217;on|tablet&#8217; \/][\/et_pb_column][\/et_pb_row][et_pb_row _builder_version=&#8217;3.17.1&#8242; make_equal=&#8217;on&#8217; module_class_2=&#8217;sidebar&#8217; module_class=&#8217;news-row&#8217; module_class_1=&#8217;content&#8217;][et_pb_column type=&#8217;3_4&#8242;][et_pb_text admin_label=&#8217;News view&#8217; _builder_version=&#8217;3.17.1&#8242; module_class=&#8217;news-view&#8217;] Statements Projekat izgradnje Avantura parka Avanturisti\u010dki centar i Op\u0161tina Ra\u0161ka su potpisali ugovor o poslovno [&hellip;]<\/p>\n","protected":false},"author":1,"featured_media":0,"parent":0,"menu_order":0,"comment_status":"closed","ping_status":"closed","template":"","meta":{"_et_pb_use_builder":"on","_et_pb_old_content":"","_et_gb_content_width":"","inline_featured_image":false,"footnotes":""},"class_list":["post-1435","page","type-page","status-publish","hentry"],"_links":{"self":[{"href":"https:\/\/adventure-serbia.com\/en\/wp-json\/wp\/v2\/pages\/1435"}],"collection":[{"href":"https:\/\/adventure-serbia.com\/en\/wp-json\/wp\/v2\/pages"}],"about":[{"href":"https:\/\/adventure-serbia.com\/en\/wp-json\/wp\/v2\/types\/page"}],"author":[{"embeddable":true,"href":"https:\/\/adventure-serbia.com\/en\/wp-json\/wp\/v2\/users\/1"}],"replies":[{"embeddable":true,"href":"https:\/\/adventure-serbia.com\/en\/wp-json\/wp\/v2\/comments?post=1435"}],"version-history":[{"count":0,"href":"https:\/\/adventure-serbia.com\/en\/wp-json\/wp\/v2\/pages\/1435\/revisions"}],"wp:attachment":[{"href":"https:\/\/adventure-serbia.com\/en\/wp-json\/wp\/v2\/media?parent=1435"}],"curies":[{"name":"wp","href":"https:\/\/api.w.org\/{rel}","templated":true}]}}